{"id":24679,"date":"2021-07-09T10:57:24","date_gmt":"2021-07-09T10:57:24","guid":{"rendered":"https:\/\/www.funeraillesleclercq.be\/onze-diensten\/rouwbegeleiding\/"},"modified":"2025-12-11T15:19:05","modified_gmt":"2025-12-11T14:19:05","slug":"conseil-en-cas-de-deuil-leclercq-et-deliener-sereni","status":"publish","type":"page","link":"https:\/\/www.funeraillesleclercq.be\/fr\/organiser-des-funerailles-leclercq-et-deliener-sereni\/conseil-en-cas-de-deuil-leclercq-et-deliener-sereni\/","title":{"rendered":"Conseil en cas de deuil"},"content":{"rendered":"\n<div id=\"block-main-banner-block_38c6da4237fd1cb814a1c8b2cb9f055c\" class=\"block-main-banner\">\n    <div class=\"container\">\n        <div class=\"banner-wrap layout2 content_right content_top\">\n            <div class=\"banner-image\">\n                                                            <img loading=\"lazy\" decoding=\"async\" width=\"960\" height=\"1440\" src=\"https:\/\/www.touche.be\/app\/uploads\/sites\/48\/2022\/06\/CMS_Delenier_Naast-960x1440.jpg\" class=\"attachment-full-stretched size-full-stretched\" alt=\"Conseil en cas de deuil\" srcset=\"https:\/\/www.touche.be\/app\/uploads\/sites\/48\/2022\/06\/CMS_Delenier_Naast-960x1440.jpg 960w, https:\/\/www.touche.be\/app\/uploads\/sites\/48\/2022\/06\/CMS_Delenier_Naast-200x300.jpg 200w, https:\/\/www.touche.be\/app\/uploads\/sites\/48\/2022\/06\/CMS_Delenier_Naast-683x1024.jpg 683w, https:\/\/www.touche.be\/app\/uploads\/sites\/48\/2022\/06\/CMS_Delenier_Naast-768x1152.jpg 768w, https:\/\/www.touche.be\/app\/uploads\/sites\/48\/2022\/06\/CMS_Delenier_Naast-1024x1536.jpg 1024w, https:\/\/www.touche.be\/app\/uploads\/sites\/48\/2022\/06\/CMS_Delenier_Naast-54x81.jpg 54w, https:\/\/www.touche.be\/app\/uploads\/sites\/48\/2022\/06\/CMS_Delenier_Naast-63x95.jpg 63w, https:\/\/www.touche.be\/app\/uploads\/sites\/48\/2022\/06\/CMS_Delenier_Naast-867x1300.jpg 867w, https:\/\/www.touche.be\/app\/uploads\/sites\/48\/2022\/06\/CMS_Delenier_Naast-600x900.jpg 600w, https:\/\/www.touche.be\/app\/uploads\/sites\/48\/2022\/06\/CMS_Delenier_Naast-400x600.jpg 400w, https:\/\/www.touche.be\/app\/uploads\/sites\/48\/2022\/06\/CMS_Delenier_Naast.jpg 1200w\" sizes=\"auto, (max-width: 960px) 100vw, 960px\" title=\"Conseil en cas de deuil\" \/>                                                <\/div>\n\n                            <div class=\"banner-content\">\n                    <div class=\"inner\">\n                        <h2><span class=\"Y2IQFc\" lang=\"fr\">Conseil professionnel en cas de deuil avec Leclercq &amp; Deliener<\/span><\/h2>\n<p class=\"tw-data-text tw-text-large tw-ta\" dir=\"ltr\" data-placeholder=\"Translation\"><span class=\"Y2IQFc\" lang=\"fr\">Conseil en cas de deuil fait partie des services de Fun\u00e9railles Leclercq &amp; Deliener. Fun\u00e9railles Leclercq &amp; Deliener travaille en collaboration avec des psychologues du deuil reconnus qui vous assistent pendant le processus d&#8217;adaptation. Il est impossible de donner un sc\u00e9nario pour le deuil. Chacun fait son deuil d&#8217;une mani\u00e8re diff\u00e9rente. Chaque processus de deuil a un d\u00e9but, un milieu et une fin, mais ces phases peuvent aussi se succ\u00e9der. Pendant et apr\u00e8s les fun\u00e9railles, vous pouvez faire appel \u00e0 l&#8217;un des conseillers en deuil de Sereni, qui vous garantit un accompagnement psychologique personnalis\u00e9. <\/span><\/p>\n<p class=\"tw-data-text tw-text-large tw-ta\" dir=\"ltr\" data-placeholder=\"Translation\"><span class=\"Y2IQFc\" lang=\"fr\"><strong>Avez-vous besoin d&#8217;une conversation avec un psychologue du deuil?<\/strong><br \/>\nVeuillez contacter\u00a0<strong><a href=\"https:\/\/www.sereni.be\/menu\/fr\/assistance-apres-deces\">notre consultante<\/a> via <a href=\"mailto:nazorg@sereni.be\">nazorg@sereni.be<\/a><\/strong><\/span><\/p>\n                    <\/div>\n                <\/div>\n                    <\/div>\n    <\/div>\n<\/div>\n\n\n\n<div id=\"block-main-banner-block_38d59670626017d60635edcd78bdf5ba\" class=\"block-main-banner\">\n    <div class=\"container\">\n        <div class=\"banner-wrap layout2 content_left content_top\">\n            <div class=\"banner-image\">\n                                                            <img loading=\"lazy\" decoding=\"async\" width=\"944\" height=\"629\" src=\"https:\/\/www.touche.be\/app\/uploads\/sites\/48\/2025\/12\/le-carnet-des-souhaits-Sereni-mes-dernieres-volontes.jpg\" class=\"attachment-full-stretched size-full-stretched\" alt=\"Conseil en cas de deuil\" srcset=\"https:\/\/www.touche.be\/app\/uploads\/sites\/48\/2025\/12\/le-carnet-des-souhaits-Sereni-mes-dernieres-volontes.jpg 944w, https:\/\/www.touche.be\/app\/uploads\/sites\/48\/2025\/12\/le-carnet-des-souhaits-Sereni-mes-dernieres-volontes-300x200.jpg 300w, https:\/\/www.touche.be\/app\/uploads\/sites\/48\/2025\/12\/le-carnet-des-souhaits-Sereni-mes-dernieres-volontes-768x512.jpg 768w, https:\/\/www.touche.be\/app\/uploads\/sites\/48\/2025\/12\/le-carnet-des-souhaits-Sereni-mes-dernieres-volontes-450x300.jpg 450w\" sizes=\"auto, (max-width: 944px) 100vw, 944px\" title=\"Conseil en cas de deuil\" \/>                                                <\/div>\n\n                            <div class=\"banner-content\">\n                    <div class=\"inner\">\n                        <h2>Mes derni\u00e8res volont\u00e9s<\/h2>\n<p>Pr\u00e9parer un d\u00e9part, c\u2019est r\u00e9fl\u00e9chir \u00e0 la vie \u2014 \u00e0 ce qui compte pour vous et \u00e0 ce que vous souhaitez laisser derri\u00e8re vous.<br \/>\nLe carnet <em>Mes Derni\u00e8res Volont\u00e9s<\/em> vous accompagne pour r\u00e9fl\u00e9chir \u00e0 :<\/p>\n<ul>\n<li><strong>Ce qui vous d\u00e9finit<\/strong><\/li>\n<li><strong>La musique ou les mots qui vous r\u00e9confortent<\/strong><\/li>\n<li><strong>Les rituels et souhaits<\/strong> qui ont une signification pour vous<\/li>\n<\/ul>\n<p>Le remplir vous apporte s\u00e9r\u00e9nit\u00e9 et facilite les \u00e9changes avec vos proches.<br \/>\nVous pouvez le compl\u00e9ter en ligne via <a class=\"text-yellow\" href=\"https:\/\/mijn.sereni.be\/fr-BE\/connexion\" target=\"_blank\" rel=\"noopener\"><strong>Mon Sereni.be<\/strong><\/a> ou demander une version papier aupr\u00e8s de <a class=\"text-yellow\" href=\"https:\/\/www.sereni.be\/fr\/branch\" target=\"_blank\" rel=\"noopener\"><strong>nos conseillers fun\u00e9raires<\/strong><\/a>.<\/p>\n<p><a class=\"btn btn-primary\" href=\"https:\/\/mijn.sereni.be\/fr-BE\/connexion\" target=\"_blank\" rel=\"noopener\">Je remplis la version digitale<\/a><\/p>\n                    <\/div>\n                <\/div>\n                    <\/div>\n    <\/div>\n<\/div>\n","protected":false},"excerpt":{"rendered":"","protected":false},"author":1,"featured_media":0,"parent":24683,"menu_order":10,"comment_status":"closed","ping_status":"closed","template":"","meta":{"_acf_changed":false,"footnotes":""},"class_list":["post-24679","page","type-page","status-publish","hentry"],"acf":[],"yoast_head":"<!-- This site is optimized with the Yoast SEO plugin v25.8 - https:\/\/yoast.com\/wordpress\/plugins\/seo\/ -->\n<title>Conseil en cas de deuil Leclercq &amp; Deliener I Sereni<\/title>\n<meta name=\"description\" content=\"Leclercq &amp; Deliener fournit conseil en cas de deuil. Nous collaborons avec des psychologues du deuil reconnus.\" \/>\n<meta name=\"robots\" content=\"index, follow, max-snippet:-1, max-image-preview:large, max-video-preview:-1\" \/>\n<link rel=\"canonical\" href=\"https:\/\/www.funeraillesleclercq.be\/fr\/organiser-des-funerailles-leclercq-et-deliener-sereni\/conseil-en-cas-de-deuil-leclercq-et-deliener-sereni\/\" \/>\n<meta property=\"og:locale\" content=\"fr_FR\" \/>\n<meta property=\"og:type\" content=\"article\" \/>\n<meta property=\"og:title\" content=\"Conseil en cas de deuil Leclercq &amp; Deliener I Sereni\" \/>\n<meta property=\"og:description\" content=\"Leclercq &amp; Deliener fournit des conseils en cas de deuil. Nous collaborons avec des psychologues du deuil reconnus pour un accompagnement personnalis\u00e9.\" \/>\n<meta property=\"og:url\" content=\"https:\/\/www.funeraillesleclercq.be\/fr\/organiser-des-funerailles-leclercq-et-deliener-sereni\/conseil-en-cas-de-deuil-leclercq-et-deliener-sereni\/\" \/>\n<meta property=\"og:site_name\" content=\"Leclercq &amp; Deliener\" \/>\n<meta property=\"article:modified_time\" content=\"2025-12-11T14:19:05+00:00\" \/>\n<meta property=\"og:image\" content=\"https:\/\/www.touche.be\/app\/uploads\/sites\/48\/2025\/06\/Social-image-Leclercq-Deliener-6.jpg\" \/>\n\t<meta property=\"og:image:width\" content=\"1800\" \/>\n\t<meta property=\"og:image:height\" content=\"628\" \/>\n\t<meta property=\"og:image:type\" content=\"image\/jpeg\" \/>\n<meta name=\"twitter:card\" content=\"summary_large_image\" \/>\n<meta name=\"twitter:label1\" content=\"Est. reading time\" \/>\n\t<meta name=\"twitter:data1\" content=\"1 minute\" \/>\n<script type=\"application\/ld+json\" class=\"yoast-schema-graph\">{\"@context\":\"https:\/\/schema.org\",\"@graph\":[{\"@type\":\"WebPage\",\"@id\":\"https:\/\/www.funeraillesleclercq.be\/fr\/organiser-des-funerailles-leclercq-et-deliener-sereni\/conseil-en-cas-de-deuil-leclercq-et-deliener-sereni\/\",\"url\":\"https:\/\/www.funeraillesleclercq.be\/fr\/organiser-des-funerailles-leclercq-et-deliener-sereni\/conseil-en-cas-de-deuil-leclercq-et-deliener-sereni\/\",\"name\":\"Conseil en cas de deuil Leclercq & Deliener I Sereni\",\"isPartOf\":{\"@id\":\"https:\/\/www.funeraillesleclercq.be\/fr\/#website\"},\"datePublished\":\"2021-07-09T10:57:24+00:00\",\"dateModified\":\"2025-12-11T14:19:05+00:00\",\"description\":\"Leclercq & Deliener fournit conseil en cas de deuil. Nous collaborons avec des psychologues du deuil reconnus.\",\"breadcrumb\":{\"@id\":\"https:\/\/www.funeraillesleclercq.be\/fr\/organiser-des-funerailles-leclercq-et-deliener-sereni\/conseil-en-cas-de-deuil-leclercq-et-deliener-sereni\/#breadcrumb\"},\"inLanguage\":\"fr-FR\",\"potentialAction\":[{\"@type\":\"ReadAction\",\"target\":[\"https:\/\/www.funeraillesleclercq.be\/fr\/organiser-des-funerailles-leclercq-et-deliener-sereni\/conseil-en-cas-de-deuil-leclercq-et-deliener-sereni\/\"]}]},{\"@type\":\"BreadcrumbList\",\"@id\":\"https:\/\/www.funeraillesleclercq.be\/fr\/organiser-des-funerailles-leclercq-et-deliener-sereni\/conseil-en-cas-de-deuil-leclercq-et-deliener-sereni\/#breadcrumb\",\"itemListElement\":[{\"@type\":\"ListItem\",\"position\":1,\"name\":\"Organiser des fun\u00e9railles\",\"item\":\"https:\/\/www.funeraillesleclercq.be\/fr\/organiser-des-funerailles-leclercq-et-deliener-sereni\/\"},{\"@type\":\"ListItem\",\"position\":2,\"name\":\"Conseil en cas de deuil\"}]},{\"@type\":\"WebSite\",\"@id\":\"https:\/\/www.funeraillesleclercq.be\/fr\/#website\",\"url\":\"https:\/\/www.funeraillesleclercq.be\/fr\/\",\"name\":\"Leclercq &amp; Deliener\",\"description\":\"Just another Sereni site\",\"potentialAction\":[{\"@type\":\"SearchAction\",\"target\":{\"@type\":\"EntryPoint\",\"urlTemplate\":\"https:\/\/www.funeraillesleclercq.be\/fr\/?s={search_term_string}\"},\"query-input\":{\"@type\":\"PropertyValueSpecification\",\"valueRequired\":true,\"valueName\":\"search_term_string\"}}],\"inLanguage\":\"fr-FR\"}]}<\/script>\n<!-- \/ Yoast SEO plugin. -->","yoast_head_json":{"title":"Conseil en cas de deuil Leclercq & Deliener I Sereni","description":"Leclercq & Deliener fournit conseil en cas de deuil. Nous collaborons avec des psychologues du deuil reconnus.","robots":{"index":"index","follow":"follow","max-snippet":"max-snippet:-1","max-image-preview":"max-image-preview:large","max-video-preview":"max-video-preview:-1"},"canonical":"https:\/\/www.funeraillesleclercq.be\/fr\/organiser-des-funerailles-leclercq-et-deliener-sereni\/conseil-en-cas-de-deuil-leclercq-et-deliener-sereni\/","og_locale":"fr_FR","og_type":"article","og_title":"Conseil en cas de deuil Leclercq & Deliener I Sereni","og_description":"Leclercq & Deliener fournit des conseils en cas de deuil. Nous collaborons avec des psychologues du deuil reconnus pour un accompagnement personnalis\u00e9.","og_url":"https:\/\/www.funeraillesleclercq.be\/fr\/organiser-des-funerailles-leclercq-et-deliener-sereni\/conseil-en-cas-de-deuil-leclercq-et-deliener-sereni\/","og_site_name":"Leclercq &amp; Deliener","article_modified_time":"2025-12-11T14:19:05+00:00","og_image":[{"width":1800,"height":628,"url":"https:\/\/www.touche.be\/app\/uploads\/sites\/48\/2025\/06\/Social-image-Leclercq-Deliener-6.jpg","type":"image\/jpeg"}],"twitter_card":"summary_large_image","twitter_misc":{"Est. reading time":"1 minute"},"schema":{"@context":"https:\/\/schema.org","@graph":[{"@type":"WebPage","@id":"https:\/\/www.funeraillesleclercq.be\/fr\/organiser-des-funerailles-leclercq-et-deliener-sereni\/conseil-en-cas-de-deuil-leclercq-et-deliener-sereni\/","url":"https:\/\/www.funeraillesleclercq.be\/fr\/organiser-des-funerailles-leclercq-et-deliener-sereni\/conseil-en-cas-de-deuil-leclercq-et-deliener-sereni\/","name":"Conseil en cas de deuil Leclercq & Deliener I Sereni","isPartOf":{"@id":"https:\/\/www.funeraillesleclercq.be\/fr\/#website"},"datePublished":"2021-07-09T10:57:24+00:00","dateModified":"2025-12-11T14:19:05+00:00","description":"Leclercq & Deliener fournit conseil en cas de deuil. Nous collaborons avec des psychologues du deuil reconnus.","breadcrumb":{"@id":"https:\/\/www.funeraillesleclercq.be\/fr\/organiser-des-funerailles-leclercq-et-deliener-sereni\/conseil-en-cas-de-deuil-leclercq-et-deliener-sereni\/#breadcrumb"},"inLanguage":"fr-FR","potentialAction":[{"@type":"ReadAction","target":["https:\/\/www.funeraillesleclercq.be\/fr\/organiser-des-funerailles-leclercq-et-deliener-sereni\/conseil-en-cas-de-deuil-leclercq-et-deliener-sereni\/"]}]},{"@type":"BreadcrumbList","@id":"https:\/\/www.funeraillesleclercq.be\/fr\/organiser-des-funerailles-leclercq-et-deliener-sereni\/conseil-en-cas-de-deuil-leclercq-et-deliener-sereni\/#breadcrumb","itemListElement":[{"@type":"ListItem","position":1,"name":"Organiser des fun\u00e9railles","item":"https:\/\/www.funeraillesleclercq.be\/fr\/organiser-des-funerailles-leclercq-et-deliener-sereni\/"},{"@type":"ListItem","position":2,"name":"Conseil en cas de deuil"}]},{"@type":"WebSite","@id":"https:\/\/www.funeraillesleclercq.be\/fr\/#website","url":"https:\/\/www.funeraillesleclercq.be\/fr\/","name":"Leclercq &amp; Deliener","description":"Just another Sereni site","potentialAction":[{"@type":"SearchAction","target":{"@type":"EntryPoint","urlTemplate":"https:\/\/www.funeraillesleclercq.be\/fr\/?s={search_term_string}"},"query-input":{"@type":"PropertyValueSpecification","valueRequired":true,"valueName":"search_term_string"}}],"inLanguage":"fr-FR"}]}},"_links":{"self":[{"href":"https:\/\/www.funeraillesleclercq.be\/fr\/wp-json\/wp\/v2\/pages\/24679","targetHints":{"allow":["GET"]}}],"collection":[{"href":"https:\/\/www.funeraillesleclercq.be\/fr\/wp-json\/wp\/v2\/pages"}],"about":[{"href":"https:\/\/www.funeraillesleclercq.be\/fr\/wp-json\/wp\/v2\/types\/page"}],"author":[{"embeddable":true,"href":"https:\/\/www.funeraillesleclercq.be\/fr\/wp-json\/wp\/v2\/users\/1"}],"replies":[{"embeddable":true,"href":"https:\/\/www.funeraillesleclercq.be\/fr\/wp-json\/wp\/v2\/comments?post=24679"}],"version-history":[{"count":5,"href":"https:\/\/www.funeraillesleclercq.be\/fr\/wp-json\/wp\/v2\/pages\/24679\/revisions"}],"predecessor-version":[{"id":83518,"href":"https:\/\/www.funeraillesleclercq.be\/fr\/wp-json\/wp\/v2\/pages\/24679\/revisions\/83518"}],"up":[{"embeddable":true,"href":"https:\/\/www.funeraillesleclercq.be\/fr\/wp-json\/wp\/v2\/pages\/24683"}],"wp:attachment":[{"href":"https:\/\/www.funeraillesleclercq.be\/fr\/wp-json\/wp\/v2\/media?parent=24679"}],"curies":[{"name":"wp","href":"https:\/\/api.w.org\/{rel}","templated":true}]}}