{"id":24670,"date":"2022-04-04T12:15:39","date_gmt":"2022-04-04T11:15:39","guid":{"rendered":"https:\/\/www.funeraillesleclercq.be\/onze-diensten\/crematie\/"},"modified":"2025-12-11T15:13:20","modified_gmt":"2025-12-11T14:13:20","slug":"cremation-leclercq-et-deliener-sereni","status":"publish","type":"page","link":"https:\/\/www.funeraillesleclercq.be\/fr\/organiser-des-funerailles-leclercq-et-deliener-sereni\/cremation-leclercq-et-deliener-sereni\/","title":{"rendered":"Cr\u00e9mation"},"content":{"rendered":"\n<div id=\"block-main-banner-block_5c7a6ae533db87acedb9cbf6653fdcb3\" class=\"block-main-banner\">\n    <div class=\"container\">\n        <div class=\"banner-wrap layout2 content_right content_top\">\n            <div class=\"banner-image\">\n                                                            <img loading=\"lazy\" decoding=\"async\" width=\"960\" height=\"1440\" src=\"https:\/\/www.touche.be\/app\/uploads\/sites\/48\/2022\/06\/CMS_Delenier_Lelie-960x1440.jpg\" class=\"attachment-full-stretched size-full-stretched\" alt=\"Cr\u00e9mation\" srcset=\"https:\/\/www.touche.be\/app\/uploads\/sites\/48\/2022\/06\/CMS_Delenier_Lelie-960x1440.jpg 960w, https:\/\/www.touche.be\/app\/uploads\/sites\/48\/2022\/06\/CMS_Delenier_Lelie-200x300.jpg 200w, https:\/\/www.touche.be\/app\/uploads\/sites\/48\/2022\/06\/CMS_Delenier_Lelie-683x1024.jpg 683w, https:\/\/www.touche.be\/app\/uploads\/sites\/48\/2022\/06\/CMS_Delenier_Lelie-768x1152.jpg 768w, https:\/\/www.touche.be\/app\/uploads\/sites\/48\/2022\/06\/CMS_Delenier_Lelie-1024x1536.jpg 1024w, https:\/\/www.touche.be\/app\/uploads\/sites\/48\/2022\/06\/CMS_Delenier_Lelie-54x81.jpg 54w, https:\/\/www.touche.be\/app\/uploads\/sites\/48\/2022\/06\/CMS_Delenier_Lelie-63x95.jpg 63w, https:\/\/www.touche.be\/app\/uploads\/sites\/48\/2022\/06\/CMS_Delenier_Lelie-867x1300.jpg 867w, https:\/\/www.touche.be\/app\/uploads\/sites\/48\/2022\/06\/CMS_Delenier_Lelie-600x900.jpg 600w, https:\/\/www.touche.be\/app\/uploads\/sites\/48\/2022\/06\/CMS_Delenier_Lelie-400x600.jpg 400w, https:\/\/www.touche.be\/app\/uploads\/sites\/48\/2022\/06\/CMS_Delenier_Lelie.jpg 1200w\" sizes=\"auto, (max-width: 960px) 100vw, 960px\" title=\"Cr\u00e9mation\" \/>                                                <\/div>\n\n                            <div class=\"banner-content\">\n                    <div class=\"inner\">\n                        <h2>Cr\u00e9mation<\/h2>\n<p>Lors de la cr\u00e9mation, le corps du d\u00e9funt est incin\u00e9r\u00e9. La cr\u00e9mation peut avoir lieu avant ou apr\u00e8s la <a href=\"https:\/\/www.sereni.be\/menu\/fr\/organiser-des-funerailles\">c\u00e9r\u00e9monie de fun\u00e9railles<\/a>. Les cendres peuvent \u00eatre soit dispers\u00e9es, soit plac\u00e9es dans une urne.La dispersion peut avoir lieu dans un cimeti\u00e8re, au cr\u00e9matorium, en mer ou \u00e0 domicile. Les cendres peuvent \u00eatre plac\u00e9es dans une urne pour conservation \u00e0 domicile, \u00eatre plac\u00e9es au columbarium, dans une cavurne ou une concession.Il est possible de garder un peu de cendres du d\u00e9funt sur demande pour les placer dans un bijou ou un reliquaire.<\/p>\n<p><a class=\"btn btn-primary\" href=\"https:\/\/www.funeraillesleclercq.be\/fr\/contact-leclercq-et-deliener-sereni\/\">Contactez-nous<\/a><\/p>\n                    <\/div>\n                <\/div>\n                    <\/div>\n    <\/div>\n<\/div>\n\n\n\n<div id=\"block-main-banner-block_4d6cc532d37b0132468dc59d674aa645\" class=\"block-main-banner\">\n    <div class=\"container\">\n        <div class=\"banner-wrap layout2 content_left content_top\">\n            <div class=\"banner-image\">\n                                                            <img loading=\"lazy\" decoding=\"async\" width=\"944\" height=\"629\" src=\"https:\/\/www.touche.be\/app\/uploads\/sites\/48\/2025\/12\/vos-condoleances-en-ligne.jpg\" class=\"attachment-full-stretched size-full-stretched\" alt=\"Cr\u00e9mation\" srcset=\"https:\/\/www.touche.be\/app\/uploads\/sites\/48\/2025\/12\/vos-condoleances-en-ligne.jpg 944w, https:\/\/www.touche.be\/app\/uploads\/sites\/48\/2025\/12\/vos-condoleances-en-ligne-300x200.jpg 300w, https:\/\/www.touche.be\/app\/uploads\/sites\/48\/2025\/12\/vos-condoleances-en-ligne-768x512.jpg 768w, https:\/\/www.touche.be\/app\/uploads\/sites\/48\/2025\/12\/vos-condoleances-en-ligne-450x300.jpg 450w\" sizes=\"auto, (max-width: 944px) 100vw, 944px\" title=\"Cr\u00e9mation\" \/>                                                <\/div>\n\n                            <div class=\"banner-content\">\n                    <div class=\"inner\">\n                        <h2>Exprimez vos condol\u00e9ances, simplement et en ligne<\/h2>\n<p>M\u00eame si vous ne pouvez pas assister \u00e0 la c\u00e9r\u00e9monie, vous pouvez accompagner la famille et rendre hommage au d\u00e9funt :<\/p>\n<ul>\n<li><strong>\u2709\ufe0f Envoyez un message de condol\u00e9ances<\/strong><\/li>\n<li><strong>\ud83c\udf3f Faites livrer des fleurs<\/strong><\/li>\n<li>\ud83d\udcdd <strong>Envoyez une carte de condol\u00e9ances personnalis\u00e9e<\/strong><\/li>\n<li>\ud83e\udd0d <strong>Offrez un cadeau durable ou symbolique<\/strong><\/li>\n<\/ul>\n<p>Chaque geste permet de t\u00e9moigner votre soutien et votre affection.<br \/>\n<strong>Tout peut se faire en quelques clics gr\u00e2ce \u00e0 notre service de condol\u00e9ances en ligne.<\/strong><\/p>\n<p><a class=\"btn btn-primary\" style=\"padding: 16px 36px; font-size: 1.2rem; font-weight: 500; text-align: center; vertical-align: middle; line-height: 1.4; height: auto;\" href=\"https:\/\/www.funeraillesleclercq.be\/fr\/condoleances-leclercq-deliener-sereni\/\">Plus d&#8217;info<br \/>\n<\/a><\/p>\n                    <\/div>\n                <\/div>\n                    <\/div>\n    <\/div>\n<\/div>\n\n\n<div id=\"block-variable-content-list-block_aab270e1ac6b7410fac5703cc26f9684\" class=\"block-variable-content-list default\">\n    <div class=\"container\">\n        <div class=\"widget-wrap per_row_4\">\n                        <div class=\"block-content\">\n                                                                                    <div class=\"element\">\n                                                            \n                                                                    <div class=\"image-wrap\">\n                                                                                    <img loading=\"lazy\" decoding=\"async\" width=\"1024\" height=\"683\" src=\"https:\/\/www.touche.be\/app\/uploads\/sites\/48\/2025\/12\/6-1024x683.jpg\" class=\"attachment-large size-large\" alt=\"Cr\u00e9mation\" srcset=\"https:\/\/www.touche.be\/app\/uploads\/sites\/48\/2025\/12\/6-1024x683.jpg 1024w, https:\/\/www.touche.be\/app\/uploads\/sites\/48\/2025\/12\/6-300x200.jpg 300w, https:\/\/www.touche.be\/app\/uploads\/sites\/48\/2025\/12\/6-768x512.jpg 768w, https:\/\/www.touche.be\/app\/uploads\/sites\/48\/2025\/12\/6-1536x1024.jpg 1536w, https:\/\/www.touche.be\/app\/uploads\/sites\/48\/2025\/12\/6-450x300.jpg 450w, https:\/\/www.touche.be\/app\/uploads\/sites\/48\/2025\/12\/6-1300x867.jpg 1300w, https:\/\/www.touche.be\/app\/uploads\/sites\/48\/2025\/12\/6-1440x960.jpg 1440w, https:\/\/www.touche.be\/app\/uploads\/sites\/48\/2025\/12\/6.jpg 1800w\" sizes=\"auto, (max-width: 1024px) 100vw, 1024px\" title=\"Cr\u00e9mation\" \/>                                                                            <\/div>\n                                \n                                                                    <div class=\"content-wrap\">\n                                        <h4>Mon Sereni<\/h4>\n<p>Retrouvez tous vos documents et souhaits au m\u00eame endroit.<\/p>\n<h4 style=\"text-align: left;\"><a class=\"btn btn-primary\" href=\"https:\/\/mijn.sereni.be\/fr-BE\/connexion\" target=\"_blank\" rel=\"noopener\">Plus d&#8217;info<\/a><\/h4>\n                                    <\/div>\n                                                                                    <\/div>\n                                                                    <div class=\"element\">\n                                                            \n                                                                    <div class=\"image-wrap\">\n                                                                                    <img loading=\"lazy\" decoding=\"async\" width=\"944\" height=\"629\" src=\"https:\/\/www.touche.be\/app\/uploads\/sites\/48\/2025\/12\/le-carnet-des-souhaits-Sereni-mes-dernieres-volontes.jpg\" class=\"attachment-large size-large\" alt=\"Cr\u00e9mation\" srcset=\"https:\/\/www.touche.be\/app\/uploads\/sites\/48\/2025\/12\/le-carnet-des-souhaits-Sereni-mes-dernieres-volontes.jpg 944w, https:\/\/www.touche.be\/app\/uploads\/sites\/48\/2025\/12\/le-carnet-des-souhaits-Sereni-mes-dernieres-volontes-300x200.jpg 300w, https:\/\/www.touche.be\/app\/uploads\/sites\/48\/2025\/12\/le-carnet-des-souhaits-Sereni-mes-dernieres-volontes-768x512.jpg 768w, https:\/\/www.touche.be\/app\/uploads\/sites\/48\/2025\/12\/le-carnet-des-souhaits-Sereni-mes-dernieres-volontes-450x300.jpg 450w\" sizes=\"auto, (max-width: 944px) 100vw, 944px\" title=\"Cr\u00e9mation\" \/>                                                                            <\/div>\n                                \n                                                                    <div class=\"content-wrap\">\n                                        <h4>Mes derni\u00e8res volont\u00e9s<\/h4>\n<p>R\u00e9fl\u00e9chissez \u00e0 la fa\u00e7on dont vous voulez qu&#8217;on se souvienne de vous.<\/p>\n<p><a class=\"btn btn-primary\" href=\"https:\/\/sereni.be\/fr\/article\/nouveau-le-carnet-mes-derniers-souhaits-vous-aide-a-reflechir-sur-ce-qui-est-important-dans-la-vie\" target=\"_blank\" rel=\"noopener\">Plus d&#8217;info<\/a><\/p>\n                                    <\/div>\n                                                                                    <\/div>\n                                                                    <div class=\"element\">\n                                                            \n                                                                    <div class=\"image-wrap\">\n                                                                                    <img loading=\"lazy\" decoding=\"async\" width=\"944\" height=\"629\" src=\"https:\/\/www.touche.be\/app\/uploads\/sites\/48\/2025\/12\/Imprimes-funeraires.jpg\" class=\"attachment-large size-large\" alt=\"Cr\u00e9mation\" srcset=\"https:\/\/www.touche.be\/app\/uploads\/sites\/48\/2025\/12\/Imprimes-funeraires.jpg 944w, https:\/\/www.touche.be\/app\/uploads\/sites\/48\/2025\/12\/Imprimes-funeraires-300x200.jpg 300w, https:\/\/www.touche.be\/app\/uploads\/sites\/48\/2025\/12\/Imprimes-funeraires-768x512.jpg 768w, https:\/\/www.touche.be\/app\/uploads\/sites\/48\/2025\/12\/Imprimes-funeraires-450x300.jpg 450w\" sizes=\"auto, (max-width: 944px) 100vw, 944px\" title=\"Cr\u00e9mation\" \/>                                                                            <\/div>\n                                \n                                                                    <div class=\"content-wrap\">\n                                        <h4>Imprim\u00e9s fun\u00e9raires<\/h4>\n<p>Nous r\u00e9alisons des imprim\u00e9s personnalis\u00e9s et uniques.<\/p>\n<h4 style=\"text-align: left;\"><a class=\"btn btn-primary\" href=\"https:\/\/www.funeraillesleclercq.be\/fr\/organiser-des-funerailles-leclercq-et-deliener-sereni\/imprimes-funeraires-leclercq-et-deliener\/\">Plus d&#8217;info<\/a><\/h4>\n                                    <\/div>\n                                                                                    <\/div>\n                                                                    <div class=\"element\">\n                                                            \n                                                                    <div class=\"image-wrap\">\n                                                                                    <img loading=\"lazy\" decoding=\"async\" width=\"944\" height=\"629\" src=\"https:\/\/www.touche.be\/app\/uploads\/sites\/48\/2025\/12\/Soutien-administratif-et-psy.jpg\" class=\"attachment-large size-large\" alt=\"Cr\u00e9mation\" srcset=\"https:\/\/www.touche.be\/app\/uploads\/sites\/48\/2025\/12\/Soutien-administratif-et-psy.jpg 944w, https:\/\/www.touche.be\/app\/uploads\/sites\/48\/2025\/12\/Soutien-administratif-et-psy-300x200.jpg 300w, https:\/\/www.touche.be\/app\/uploads\/sites\/48\/2025\/12\/Soutien-administratif-et-psy-768x512.jpg 768w, https:\/\/www.touche.be\/app\/uploads\/sites\/48\/2025\/12\/Soutien-administratif-et-psy-450x300.jpg 450w\" sizes=\"auto, (max-width: 944px) 100vw, 944px\" title=\"Cr\u00e9mation\" \/>                                                                            <\/div>\n                                \n                                                                    <div class=\"content-wrap\">\n                                        <h4>Soutien administratif et psy<\/h4>\n<p>Nous vous accompagnons avant, pendant et apr\u00e8s les fun\u00e9railles.<\/p>\n<h4 style=\"text-align: left;\"><a class=\"btn btn-primary\" href=\"https:\/\/www.funeraillesleclercq.be\/fr\/organiser-des-funerailles-leclercq-et-deliener-sereni\/aide-administrative-leclercq-et-deliener-sereni\/\">Plus d&#8217;info<\/a><\/h4>\n                                    <\/div>\n                                                                                    <\/div>\n                                                <\/div>\n        <\/div>\n    <\/div>\n<\/div>\n","protected":false},"excerpt":{"rendered":"","protected":false},"author":1,"featured_media":0,"parent":24683,"menu_order":2,"comment_status":"closed","ping_status":"closed","template":"","meta":{"_acf_changed":false,"footnotes":""},"class_list":["post-24670","page","type-page","status-publish","hentry"],"acf":[],"yoast_head":"<!-- This site is optimized with the Yoast SEO plugin v25.8 - https:\/\/yoast.com\/wordpress\/plugins\/seo\/ -->\n<title>Cr\u00e9mation Leclercq &amp; Deliener I Sereni<\/title>\n<meta name=\"description\" content=\"Le planificateur fun\u00e9raire Leclercq &amp; Deliener fournit tout pour la cr\u00e9mation du d\u00e9funt. Tant le c\u00f4t\u00e9 pratique que le service d&#039;adieu.\" \/>\n<meta name=\"robots\" content=\"index, follow, max-snippet:-1, max-image-preview:large, max-video-preview:-1\" \/>\n<link rel=\"canonical\" href=\"https:\/\/www.funeraillesleclercq.be\/fr\/organiser-des-funerailles-leclercq-et-deliener-sereni\/cremation-leclercq-et-deliener-sereni\/\" \/>\n<meta property=\"og:locale\" content=\"fr_FR\" \/>\n<meta property=\"og:type\" content=\"article\" \/>\n<meta property=\"og:title\" content=\"Cr\u00e9mation Leclercq &amp; Deliener I Sereni\" \/>\n<meta property=\"og:description\" content=\"Le planificateur fun\u00e9raire Leclercq &amp; Deliener fournit tout pour la cr\u00e9mation du d\u00e9funt. Tant le c\u00f4t\u00e9 pratique que le service d&#039;adieu.\" \/>\n<meta property=\"og:url\" content=\"https:\/\/www.funeraillesleclercq.be\/fr\/organiser-des-funerailles-leclercq-et-deliener-sereni\/cremation-leclercq-et-deliener-sereni\/\" \/>\n<meta property=\"og:site_name\" content=\"Leclercq &amp; Deliener\" \/>\n<meta property=\"article:modified_time\" content=\"2025-12-11T14:13:20+00:00\" \/>\n<meta property=\"og:image\" content=\"https:\/\/www.touche.be\/app\/uploads\/sites\/48\/2025\/06\/Social-image-Leclercq-Deliener-7.jpg\" \/>\n\t<meta property=\"og:image:width\" content=\"1800\" \/>\n\t<meta property=\"og:image:height\" content=\"628\" \/>\n\t<meta property=\"og:image:type\" content=\"image\/jpeg\" \/>\n<meta name=\"twitter:card\" content=\"summary_large_image\" \/>\n<meta name=\"twitter:label1\" content=\"Est. reading time\" \/>\n\t<meta name=\"twitter:data1\" content=\"3 minutes\" \/>\n<script type=\"application\/ld+json\" class=\"yoast-schema-graph\">{\"@context\":\"https:\/\/schema.org\",\"@graph\":[{\"@type\":\"WebPage\",\"@id\":\"https:\/\/www.funeraillesleclercq.be\/fr\/organiser-des-funerailles-leclercq-et-deliener-sereni\/cremation-leclercq-et-deliener-sereni\/\",\"url\":\"https:\/\/www.funeraillesleclercq.be\/fr\/organiser-des-funerailles-leclercq-et-deliener-sereni\/cremation-leclercq-et-deliener-sereni\/\",\"name\":\"Cr\u00e9mation Leclercq & Deliener I Sereni\",\"isPartOf\":{\"@id\":\"https:\/\/www.funeraillesleclercq.be\/fr\/#website\"},\"datePublished\":\"2022-04-04T11:15:39+00:00\",\"dateModified\":\"2025-12-11T14:13:20+00:00\",\"description\":\"Le planificateur fun\u00e9raire Leclercq & Deliener fournit tout pour la cr\u00e9mation du d\u00e9funt. Tant le c\u00f4t\u00e9 pratique que le service d'adieu.\",\"breadcrumb\":{\"@id\":\"https:\/\/www.funeraillesleclercq.be\/fr\/organiser-des-funerailles-leclercq-et-deliener-sereni\/cremation-leclercq-et-deliener-sereni\/#breadcrumb\"},\"inLanguage\":\"fr-FR\",\"potentialAction\":[{\"@type\":\"ReadAction\",\"target\":[\"https:\/\/www.funeraillesleclercq.be\/fr\/organiser-des-funerailles-leclercq-et-deliener-sereni\/cremation-leclercq-et-deliener-sereni\/\"]}]},{\"@type\":\"BreadcrumbList\",\"@id\":\"https:\/\/www.funeraillesleclercq.be\/fr\/organiser-des-funerailles-leclercq-et-deliener-sereni\/cremation-leclercq-et-deliener-sereni\/#breadcrumb\",\"itemListElement\":[{\"@type\":\"ListItem\",\"position\":1,\"name\":\"Organiser des fun\u00e9railles\",\"item\":\"https:\/\/www.funeraillesleclercq.be\/fr\/organiser-des-funerailles-leclercq-et-deliener-sereni\/\"},{\"@type\":\"ListItem\",\"position\":2,\"name\":\"Cr\u00e9mation\"}]},{\"@type\":\"WebSite\",\"@id\":\"https:\/\/www.funeraillesleclercq.be\/fr\/#website\",\"url\":\"https:\/\/www.funeraillesleclercq.be\/fr\/\",\"name\":\"Leclercq &amp; Deliener\",\"description\":\"Just another Sereni site\",\"potentialAction\":[{\"@type\":\"SearchAction\",\"target\":{\"@type\":\"EntryPoint\",\"urlTemplate\":\"https:\/\/www.funeraillesleclercq.be\/fr\/?s={search_term_string}\"},\"query-input\":{\"@type\":\"PropertyValueSpecification\",\"valueRequired\":true,\"valueName\":\"search_term_string\"}}],\"inLanguage\":\"fr-FR\"}]}<\/script>\n<!-- \/ Yoast SEO plugin. -->","yoast_head_json":{"title":"Cr\u00e9mation Leclercq & Deliener I Sereni","description":"Le planificateur fun\u00e9raire Leclercq & Deliener fournit tout pour la cr\u00e9mation du d\u00e9funt. Tant le c\u00f4t\u00e9 pratique que le service d'adieu.","robots":{"index":"index","follow":"follow","max-snippet":"max-snippet:-1","max-image-preview":"max-image-preview:large","max-video-preview":"max-video-preview:-1"},"canonical":"https:\/\/www.funeraillesleclercq.be\/fr\/organiser-des-funerailles-leclercq-et-deliener-sereni\/cremation-leclercq-et-deliener-sereni\/","og_locale":"fr_FR","og_type":"article","og_title":"Cr\u00e9mation Leclercq & Deliener I Sereni","og_description":"Le planificateur fun\u00e9raire Leclercq & Deliener fournit tout pour la cr\u00e9mation du d\u00e9funt. Tant le c\u00f4t\u00e9 pratique que le service d'adieu.","og_url":"https:\/\/www.funeraillesleclercq.be\/fr\/organiser-des-funerailles-leclercq-et-deliener-sereni\/cremation-leclercq-et-deliener-sereni\/","og_site_name":"Leclercq &amp; Deliener","article_modified_time":"2025-12-11T14:13:20+00:00","og_image":[{"width":1800,"height":628,"url":"https:\/\/www.touche.be\/app\/uploads\/sites\/48\/2025\/06\/Social-image-Leclercq-Deliener-7.jpg","type":"image\/jpeg"}],"twitter_card":"summary_large_image","twitter_misc":{"Est. reading time":"3 minutes"},"schema":{"@context":"https:\/\/schema.org","@graph":[{"@type":"WebPage","@id":"https:\/\/www.funeraillesleclercq.be\/fr\/organiser-des-funerailles-leclercq-et-deliener-sereni\/cremation-leclercq-et-deliener-sereni\/","url":"https:\/\/www.funeraillesleclercq.be\/fr\/organiser-des-funerailles-leclercq-et-deliener-sereni\/cremation-leclercq-et-deliener-sereni\/","name":"Cr\u00e9mation Leclercq & Deliener I Sereni","isPartOf":{"@id":"https:\/\/www.funeraillesleclercq.be\/fr\/#website"},"datePublished":"2022-04-04T11:15:39+00:00","dateModified":"2025-12-11T14:13:20+00:00","description":"Le planificateur fun\u00e9raire Leclercq & Deliener fournit tout pour la cr\u00e9mation du d\u00e9funt. Tant le c\u00f4t\u00e9 pratique que le service d'adieu.","breadcrumb":{"@id":"https:\/\/www.funeraillesleclercq.be\/fr\/organiser-des-funerailles-leclercq-et-deliener-sereni\/cremation-leclercq-et-deliener-sereni\/#breadcrumb"},"inLanguage":"fr-FR","potentialAction":[{"@type":"ReadAction","target":["https:\/\/www.funeraillesleclercq.be\/fr\/organiser-des-funerailles-leclercq-et-deliener-sereni\/cremation-leclercq-et-deliener-sereni\/"]}]},{"@type":"BreadcrumbList","@id":"https:\/\/www.funeraillesleclercq.be\/fr\/organiser-des-funerailles-leclercq-et-deliener-sereni\/cremation-leclercq-et-deliener-sereni\/#breadcrumb","itemListElement":[{"@type":"ListItem","position":1,"name":"Organiser des fun\u00e9railles","item":"https:\/\/www.funeraillesleclercq.be\/fr\/organiser-des-funerailles-leclercq-et-deliener-sereni\/"},{"@type":"ListItem","position":2,"name":"Cr\u00e9mation"}]},{"@type":"WebSite","@id":"https:\/\/www.funeraillesleclercq.be\/fr\/#website","url":"https:\/\/www.funeraillesleclercq.be\/fr\/","name":"Leclercq &amp; Deliener","description":"Just another Sereni site","potentialAction":[{"@type":"SearchAction","target":{"@type":"EntryPoint","urlTemplate":"https:\/\/www.funeraillesleclercq.be\/fr\/?s={search_term_string}"},"query-input":{"@type":"PropertyValueSpecification","valueRequired":true,"valueName":"search_term_string"}}],"inLanguage":"fr-FR"}]}},"_links":{"self":[{"href":"https:\/\/www.funeraillesleclercq.be\/fr\/wp-json\/wp\/v2\/pages\/24670","targetHints":{"allow":["GET"]}}],"collection":[{"href":"https:\/\/www.funeraillesleclercq.be\/fr\/wp-json\/wp\/v2\/pages"}],"about":[{"href":"https:\/\/www.funeraillesleclercq.be\/fr\/wp-json\/wp\/v2\/types\/page"}],"author":[{"embeddable":true,"href":"https:\/\/www.funeraillesleclercq.be\/fr\/wp-json\/wp\/v2\/users\/1"}],"replies":[{"embeddable":true,"href":"https:\/\/www.funeraillesleclercq.be\/fr\/wp-json\/wp\/v2\/comments?post=24670"}],"version-history":[{"count":10,"href":"https:\/\/www.funeraillesleclercq.be\/fr\/wp-json\/wp\/v2\/pages\/24670\/revisions"}],"predecessor-version":[{"id":83511,"href":"https:\/\/www.funeraillesleclercq.be\/fr\/wp-json\/wp\/v2\/pages\/24670\/revisions\/83511"}],"up":[{"embeddable":true,"href":"https:\/\/www.funeraillesleclercq.be\/fr\/wp-json\/wp\/v2\/pages\/24683"}],"wp:attachment":[{"href":"https:\/\/www.funeraillesleclercq.be\/fr\/wp-json\/wp\/v2\/media?parent=24670"}],"curies":[{"name":"wp","href":"https:\/\/api.w.org\/{rel}","templated":true}]}}