{"id":24669,"date":"2022-04-04T11:14:59","date_gmt":"2022-04-04T10:14:59","guid":{"rendered":"https:\/\/www.funeraillesleclercq.be\/onze-diensten\/begrafenis\/"},"modified":"2025-12-08T14:32:51","modified_gmt":"2025-12-08T13:32:51","slug":"inhumation-leclercq-et-deliener-sereni","status":"publish","type":"page","link":"https:\/\/www.funeraillesleclercq.be\/fr\/organiser-des-funerailles-leclercq-et-deliener-sereni\/inhumation-leclercq-et-deliener-sereni\/","title":{"rendered":"Inhumation"},"content":{"rendered":"\n<div id=\"block-main-banner-block_6d6c399f2a109d67eba707371645fdfb\" class=\"block-main-banner\">\n    <div class=\"container\">\n        <div class=\"banner-wrap layout1 content_left content_top\">\n            <div class=\"banner-image\">\n                                                            <img loading=\"lazy\" decoding=\"async\" width=\"960\" height=\"1440\" src=\"https:\/\/www.touche.be\/app\/uploads\/sites\/48\/2022\/06\/CMS_Delenier_Naast-960x1440.jpg\" class=\"attachment-full-stretched size-full-stretched\" alt=\"Inhumation\" srcset=\"https:\/\/www.touche.be\/app\/uploads\/sites\/48\/2022\/06\/CMS_Delenier_Naast-960x1440.jpg 960w, https:\/\/www.touche.be\/app\/uploads\/sites\/48\/2022\/06\/CMS_Delenier_Naast-200x300.jpg 200w, https:\/\/www.touche.be\/app\/uploads\/sites\/48\/2022\/06\/CMS_Delenier_Naast-683x1024.jpg 683w, https:\/\/www.touche.be\/app\/uploads\/sites\/48\/2022\/06\/CMS_Delenier_Naast-768x1152.jpg 768w, https:\/\/www.touche.be\/app\/uploads\/sites\/48\/2022\/06\/CMS_Delenier_Naast-1024x1536.jpg 1024w, https:\/\/www.touche.be\/app\/uploads\/sites\/48\/2022\/06\/CMS_Delenier_Naast-54x81.jpg 54w, https:\/\/www.touche.be\/app\/uploads\/sites\/48\/2022\/06\/CMS_Delenier_Naast-63x95.jpg 63w, https:\/\/www.touche.be\/app\/uploads\/sites\/48\/2022\/06\/CMS_Delenier_Naast-867x1300.jpg 867w, https:\/\/www.touche.be\/app\/uploads\/sites\/48\/2022\/06\/CMS_Delenier_Naast-600x900.jpg 600w, https:\/\/www.touche.be\/app\/uploads\/sites\/48\/2022\/06\/CMS_Delenier_Naast-400x600.jpg 400w, https:\/\/www.touche.be\/app\/uploads\/sites\/48\/2022\/06\/CMS_Delenier_Naast.jpg 1200w\" sizes=\"auto, (max-width: 960px) 100vw, 960px\" title=\"Inhumation\" \/>                                                <\/div>\n\n                            <div class=\"banner-content\">\n                    <div class=\"inner\">\n                        <p>Si votre famille ne dispose pas de concession familiale ou de caveau dans un cimeti\u00e8re en Belgique ou \u00e0 l\u2019\u00e9tranger, nos conseillers fun\u00e9raires prennent le temps de vous expliquer toutes les possibilit\u00e9s d\u2019inhumation qui s\u2019offrent \u00e0 vous et ce, en fonction de la localit\u00e9 du d\u00e9funt, de ses souhaits, de ses convictions philosophiques car chaque r\u00e9gion \u00e0 sa propre r\u00e9glementation et certains cimeti\u00e8res offrent plus de possibilit\u00e9s que d\u2019autres. (Cimeti\u00e8re multiconfessionnel). Il convient donc de prendre le temps de bien dialoguer pour trouver la meilleure solution pour votre famille.<\/p>\n<p>Il est possible d\u2019\u00eatre inhum\u00e9 en pleine terre pour une dur\u00e9e de 10 ans en Wallonie et \u00e0 Bruxelles \/ 10 ans en Flandre, il n\u2019y a pas de frais d\u2019achat de terrain dans ce cas. Les concessions en pleine terre pour des dur\u00e9es plus longues et pour plusieurs corps sont possibles, moyennant paiement.<\/p>\n<p>Les caveaux anciennement ma\u00e7onn\u00e9s sont la plupart du temps constitu\u00e9s de citernes superpos\u00e9es, les cercueils ne sont donc pas en contact avec la terre mais en Wallonie et \u00e0 Bruxelles, un cercueil int\u00e9rieur en zinc est obligatoire. Le choix du caveau est donc plus on\u00e9reux. Il existe aussi des cavurnes permettant l\u2019inhumation d\u2019urne cin\u00e9raire.<\/p>\n<p><a class=\"btn btn-primary\" href=\"https:\/\/www.funeraillesleclercq.be\/fr\/contact-leclercq-et-deliener-sereni\/\">Contactez-nous<\/a><\/p>\n                    <\/div>\n                <\/div>\n                    <\/div>\n    <\/div>\n<\/div>\n\n\n\n<div id=\"block-main-banner-block_f1006cc31f2ff3960e1d338af636dcf0\" class=\"block-main-banner\">\n    <div class=\"container\">\n        <div class=\"banner-wrap layout2 content_right content_top\">\n            <div class=\"banner-image\">\n                                                            <img loading=\"lazy\" decoding=\"async\" width=\"1440\" height=\"960\" src=\"https:\/\/www.touche.be\/app\/uploads\/sites\/48\/2025\/12\/Mon-Sereni-1-1440x960.jpg\" class=\"attachment-full-stretched size-full-stretched\" alt=\"Inhumation\" srcset=\"https:\/\/www.touche.be\/app\/uploads\/sites\/48\/2025\/12\/Mon-Sereni-1-1440x960.jpg 1440w, https:\/\/www.touche.be\/app\/uploads\/sites\/48\/2025\/12\/Mon-Sereni-1-300x200.jpg 300w, https:\/\/www.touche.be\/app\/uploads\/sites\/48\/2025\/12\/Mon-Sereni-1-1024x683.jpg 1024w, https:\/\/www.touche.be\/app\/uploads\/sites\/48\/2025\/12\/Mon-Sereni-1-768x512.jpg 768w, https:\/\/www.touche.be\/app\/uploads\/sites\/48\/2025\/12\/Mon-Sereni-1-1536x1024.jpg 1536w, https:\/\/www.touche.be\/app\/uploads\/sites\/48\/2025\/12\/Mon-Sereni-1-450x300.jpg 450w, https:\/\/www.touche.be\/app\/uploads\/sites\/48\/2025\/12\/Mon-Sereni-1-1300x867.jpg 1300w, https:\/\/www.touche.be\/app\/uploads\/sites\/48\/2025\/12\/Mon-Sereni-1.jpg 1800w\" sizes=\"auto, (max-width: 1440px) 100vw, 1440px\" title=\"Inhumation\" \/>                                                <\/div>\n\n                            <div class=\"banner-content\">\n                    <div class=\"inner\">\n                        <h2 data-start=\"344\" data-end=\"717\">Mon Sereni : votre espace s\u00e9curis\u00e9<\/h2>\n<p data-start=\"199\" data-end=\"454\">Mon Sereni est une plateforme en ligne s\u00e9curis\u00e9e qui r\u00e9unit vos documents, vos souhaits et\u00a0<strong>toutes les informations n\u00e9cessaires \u00e0 la pr\u00e9paration des fun\u00e9railles.<\/strong>\u00a0Vous pouvez tout g\u00e9rer \u00e0 votre rythme, en lien direct avec votre conseiller fun\u00e9raire local.<\/p>\n<ul>\n<li data-start=\"2254\" data-end=\"2605\">\ud83d\udd4a\ufe0f<strong>\u00a0Indiquez vos souhaits et pr\u00e9f\u00e9rences pour la c\u00e9r\u00e9monie<\/strong><\/li>\n<li data-start=\"2254\" data-end=\"2605\"><strong>\ud83d\udcc4 Rassemblez les documents et informations n\u00e9cessaires<\/strong><\/li>\n<li data-start=\"2254\" data-end=\"2605\">\ud83c\udfb5\u00a0<strong>Choisissez la musique, les lectures ou les photos \u00e0 partager<\/strong><\/li>\n<li data-start=\"2254\" data-end=\"2605\">\ud83d\udcac<strong>\u00a0Suivez et compl\u00e9tez votre dossier avec votre conseiller<\/strong><\/li>\n<\/ul>\n<p data-start=\"2254\" data-end=\"2605\"><a class=\"btn btn-primary\" style=\"padding: 16px 36px; font-size: 1.2rem; font-weight: 500; text-align: center; vertical-align: middle; line-height: 1.4; height: auto;\" href=\"https:\/\/mijn.sereni.be\/fr-BE\/connexion?lang=fr\" target=\"_blank\" rel=\"noopener\">Plus d&#8217;info<\/a><\/p>\n                    <\/div>\n                <\/div>\n                    <\/div>\n    <\/div>\n<\/div>\n\n\n<div id=\"block-variable-content-list-block_e5962dd551ae13ea32a012d8c3b7f993\" class=\"block-variable-content-list default\">\n    <div class=\"container\">\n        <div class=\"widget-wrap per_row_4\">\n                        <div class=\"block-content\">\n                                                                                    <div class=\"element\">\n                                                            \n                                                                    <div class=\"image-wrap\">\n                                                                                    <img loading=\"lazy\" decoding=\"async\" width=\"944\" height=\"629\" src=\"https:\/\/www.touche.be\/app\/uploads\/sites\/48\/2025\/12\/vos-condoleances-en-ligne.jpg\" class=\"attachment-large size-large\" alt=\"Inhumation\" srcset=\"https:\/\/www.touche.be\/app\/uploads\/sites\/48\/2025\/12\/vos-condoleances-en-ligne.jpg 944w, https:\/\/www.touche.be\/app\/uploads\/sites\/48\/2025\/12\/vos-condoleances-en-ligne-300x200.jpg 300w, https:\/\/www.touche.be\/app\/uploads\/sites\/48\/2025\/12\/vos-condoleances-en-ligne-768x512.jpg 768w, https:\/\/www.touche.be\/app\/uploads\/sites\/48\/2025\/12\/vos-condoleances-en-ligne-450x300.jpg 450w\" sizes=\"auto, (max-width: 944px) 100vw, 944px\" title=\"Inhumation\" \/>                                                                            <\/div>\n                                \n                                                                    <div class=\"content-wrap\">\n                                        <h4>Vos condol\u00e9ances en ligne<\/h4>\n<p>Envoyez un message, une carte ou des fleurs en quelques clics.<\/p>\n<h4 style=\"text-align: left;\"><a class=\"btn btn-primary\" href=\"https:\/\/www.funeraillesleclercq.be\/fr\/condoleances-leclercq-deliener-sereni\/\">Plus d&#8217;info<\/a><\/h4>\n                                    <\/div>\n                                                                                    <\/div>\n                                                                    <div class=\"element\">\n                                                            \n                                                                    <div class=\"image-wrap\">\n                                                                                    <img loading=\"lazy\" decoding=\"async\" width=\"944\" height=\"629\" src=\"https:\/\/www.touche.be\/app\/uploads\/sites\/48\/2025\/12\/Transfert-et-rapatriement.jpg\" class=\"attachment-large size-large\" alt=\"Inhumation\" srcset=\"https:\/\/www.touche.be\/app\/uploads\/sites\/48\/2025\/12\/Transfert-et-rapatriement.jpg 944w, https:\/\/www.touche.be\/app\/uploads\/sites\/48\/2025\/12\/Transfert-et-rapatriement-300x200.jpg 300w, https:\/\/www.touche.be\/app\/uploads\/sites\/48\/2025\/12\/Transfert-et-rapatriement-768x512.jpg 768w, https:\/\/www.touche.be\/app\/uploads\/sites\/48\/2025\/12\/Transfert-et-rapatriement-450x300.jpg 450w\" sizes=\"auto, (max-width: 944px) 100vw, 944px\" title=\"Inhumation\" \/>                                                                            <\/div>\n                                \n                                                                    <div class=\"content-wrap\">\n                                        <h4>Transfert et rapatriement<\/h4>\n<p>Organisation respectueuse des rapatriements internationaux.<\/p>\n<h4 style=\"text-align: left;\"><a class=\"btn btn-primary\" href=\"https:\/\/www.funeraillesleclercq.be\/fr\/organiser-des-funerailles-leclercq-et-deliener-sereni\/transfert-et-rapatriement-leclercq-et-deliener-sereni\/\">Plus d&#8217;info<\/a><\/h4>\n                                    <\/div>\n                                                                                    <\/div>\n                                                                    <div class=\"element\">\n                                                            \n                                                                    <div class=\"image-wrap\">\n                                                                                    <img loading=\"lazy\" decoding=\"async\" width=\"944\" height=\"629\" src=\"https:\/\/www.touche.be\/app\/uploads\/sites\/48\/2025\/12\/Imprimes-funeraires.jpg\" class=\"attachment-large size-large\" alt=\"Inhumation\" srcset=\"https:\/\/www.touche.be\/app\/uploads\/sites\/48\/2025\/12\/Imprimes-funeraires.jpg 944w, https:\/\/www.touche.be\/app\/uploads\/sites\/48\/2025\/12\/Imprimes-funeraires-300x200.jpg 300w, https:\/\/www.touche.be\/app\/uploads\/sites\/48\/2025\/12\/Imprimes-funeraires-768x512.jpg 768w, https:\/\/www.touche.be\/app\/uploads\/sites\/48\/2025\/12\/Imprimes-funeraires-450x300.jpg 450w\" sizes=\"auto, (max-width: 944px) 100vw, 944px\" title=\"Inhumation\" \/>                                                                            <\/div>\n                                \n                                                                    <div class=\"content-wrap\">\n                                        <h4>Imprim\u00e9s fun\u00e9raires<\/h4>\n<p>Nous r\u00e9alisons des imprim\u00e9s personnalis\u00e9s et uniques.<\/p>\n<h4 style=\"text-align: left;\"><a class=\"btn btn-primary\" href=\"https:\/\/www.funeraillesleclercq.be\/fr\/organiser-des-funerailles-leclercq-et-deliener-sereni\/imprimes-funeraires-leclercq-et-deliener\/\">Plus d&#8217;info<\/a><\/h4>\n                                    <\/div>\n                                                                                    <\/div>\n                                                                    <div class=\"element\">\n                                                            \n                                                                    <div class=\"image-wrap\">\n                                                                                    <img loading=\"lazy\" decoding=\"async\" width=\"944\" height=\"629\" src=\"https:\/\/www.touche.be\/app\/uploads\/sites\/48\/2025\/12\/Soutien-administratif-et-psy.jpg\" class=\"attachment-large size-large\" alt=\"Inhumation\" srcset=\"https:\/\/www.touche.be\/app\/uploads\/sites\/48\/2025\/12\/Soutien-administratif-et-psy.jpg 944w, https:\/\/www.touche.be\/app\/uploads\/sites\/48\/2025\/12\/Soutien-administratif-et-psy-300x200.jpg 300w, https:\/\/www.touche.be\/app\/uploads\/sites\/48\/2025\/12\/Soutien-administratif-et-psy-768x512.jpg 768w, https:\/\/www.touche.be\/app\/uploads\/sites\/48\/2025\/12\/Soutien-administratif-et-psy-450x300.jpg 450w\" sizes=\"auto, (max-width: 944px) 100vw, 944px\" title=\"Inhumation\" \/>                                                                            <\/div>\n                                \n                                                                    <div class=\"content-wrap\">\n                                        <h4>Soutien administratif et psy<\/h4>\n<p>Nous vous accompagnons avant, pendant et apr\u00e8s les fun\u00e9railles.<\/p>\n<h4 style=\"text-align: left;\"><a class=\"btn btn-primary\" href=\"https:\/\/www.funeraillesleclercq.be\/fr\/organiser-des-funerailles-leclercq-et-deliener-sereni\/aide-administrative-leclercq-et-deliener-sereni\/\">Plus d&#8217;info<\/a><\/h4>\n                                    <\/div>\n                                                                                    <\/div>\n                                                <\/div>\n        <\/div>\n    <\/div>\n<\/div>\n","protected":false},"excerpt":{"rendered":"","protected":false},"author":1,"featured_media":0,"parent":24683,"menu_order":0,"comment_status":"closed","ping_status":"closed","template":"","meta":{"_acf_changed":false,"footnotes":""},"class_list":["post-24669","page","type-page","status-publish","hentry"],"acf":[],"yoast_head":"<!-- This site is optimized with the Yoast SEO plugin v25.8 - https:\/\/yoast.com\/wordpress\/plugins\/seo\/ -->\n<title>Inhumation Leclercq &amp; Deliener I Sereni<\/title>\n<meta name=\"description\" content=\"L&#039;organisateur de pompes fun\u00e8bres Leclercq &amp; Deliener peut organiser des inhumation personnelles. Nous vous assistons \u00e9motionnellement et administrativement.\" \/>\n<meta name=\"robots\" content=\"index, follow, max-snippet:-1, max-image-preview:large, max-video-preview:-1\" \/>\n<link rel=\"canonical\" href=\"https:\/\/www.funeraillesleclercq.be\/fr\/organiser-des-funerailles-leclercq-et-deliener-sereni\/inhumation-leclercq-et-deliener-sereni\/\" \/>\n<meta property=\"og:locale\" content=\"fr_FR\" \/>\n<meta property=\"og:type\" content=\"article\" \/>\n<meta property=\"og:title\" content=\"Inhumation Leclercq &amp; Deliener I Sereni\" \/>\n<meta property=\"og:description\" content=\"L&#039;organisateur de pompes fun\u00e8bres Leclercq &amp; Deliener peut organiser des fun\u00e9railles personnelles. Nous vous assistons \u00e9motionnellement et administrativement.\" \/>\n<meta property=\"og:url\" content=\"https:\/\/www.funeraillesleclercq.be\/fr\/organiser-des-funerailles-leclercq-et-deliener-sereni\/inhumation-leclercq-et-deliener-sereni\/\" \/>\n<meta property=\"og:site_name\" content=\"Leclercq &amp; Deliener\" \/>\n<meta property=\"article:modified_time\" content=\"2025-12-08T13:32:51+00:00\" \/>\n<meta property=\"og:image\" content=\"https:\/\/www.touche.be\/app\/uploads\/sites\/48\/2025\/06\/Social-image-Leclercq-Deliener-6.jpg\" \/>\n\t<meta property=\"og:image:width\" content=\"1800\" \/>\n\t<meta property=\"og:image:height\" content=\"628\" \/>\n\t<meta property=\"og:image:type\" content=\"image\/jpeg\" \/>\n<meta name=\"twitter:card\" content=\"summary_large_image\" \/>\n<meta name=\"twitter:label1\" content=\"Est. reading time\" \/>\n\t<meta name=\"twitter:data1\" content=\"3 minutes\" \/>\n<script type=\"application\/ld+json\" class=\"yoast-schema-graph\">{\"@context\":\"https:\/\/schema.org\",\"@graph\":[{\"@type\":\"WebPage\",\"@id\":\"https:\/\/www.funeraillesleclercq.be\/fr\/organiser-des-funerailles-leclercq-et-deliener-sereni\/inhumation-leclercq-et-deliener-sereni\/\",\"url\":\"https:\/\/www.funeraillesleclercq.be\/fr\/organiser-des-funerailles-leclercq-et-deliener-sereni\/inhumation-leclercq-et-deliener-sereni\/\",\"name\":\"Inhumation Leclercq & Deliener I Sereni\",\"isPartOf\":{\"@id\":\"https:\/\/www.funeraillesleclercq.be\/fr\/#website\"},\"datePublished\":\"2022-04-04T10:14:59+00:00\",\"dateModified\":\"2025-12-08T13:32:51+00:00\",\"description\":\"L'organisateur de pompes fun\u00e8bres Leclercq & Deliener peut organiser des inhumation personnelles. Nous vous assistons \u00e9motionnellement et administrativement.\",\"breadcrumb\":{\"@id\":\"https:\/\/www.funeraillesleclercq.be\/fr\/organiser-des-funerailles-leclercq-et-deliener-sereni\/inhumation-leclercq-et-deliener-sereni\/#breadcrumb\"},\"inLanguage\":\"fr-FR\",\"potentialAction\":[{\"@type\":\"ReadAction\",\"target\":[\"https:\/\/www.funeraillesleclercq.be\/fr\/organiser-des-funerailles-leclercq-et-deliener-sereni\/inhumation-leclercq-et-deliener-sereni\/\"]}]},{\"@type\":\"BreadcrumbList\",\"@id\":\"https:\/\/www.funeraillesleclercq.be\/fr\/organiser-des-funerailles-leclercq-et-deliener-sereni\/inhumation-leclercq-et-deliener-sereni\/#breadcrumb\",\"itemListElement\":[{\"@type\":\"ListItem\",\"position\":1,\"name\":\"Organiser des fun\u00e9railles\",\"item\":\"https:\/\/www.funeraillesleclercq.be\/fr\/organiser-des-funerailles-leclercq-et-deliener-sereni\/\"},{\"@type\":\"ListItem\",\"position\":2,\"name\":\"Inhumation\"}]},{\"@type\":\"WebSite\",\"@id\":\"https:\/\/www.funeraillesleclercq.be\/fr\/#website\",\"url\":\"https:\/\/www.funeraillesleclercq.be\/fr\/\",\"name\":\"Leclercq &amp; Deliener\",\"description\":\"Just another Sereni site\",\"potentialAction\":[{\"@type\":\"SearchAction\",\"target\":{\"@type\":\"EntryPoint\",\"urlTemplate\":\"https:\/\/www.funeraillesleclercq.be\/fr\/?s={search_term_string}\"},\"query-input\":{\"@type\":\"PropertyValueSpecification\",\"valueRequired\":true,\"valueName\":\"search_term_string\"}}],\"inLanguage\":\"fr-FR\"}]}<\/script>\n<!-- \/ Yoast SEO plugin. -->","yoast_head_json":{"title":"Inhumation Leclercq & Deliener I Sereni","description":"L'organisateur de pompes fun\u00e8bres Leclercq & Deliener peut organiser des inhumation personnelles. Nous vous assistons \u00e9motionnellement et administrativement.","robots":{"index":"index","follow":"follow","max-snippet":"max-snippet:-1","max-image-preview":"max-image-preview:large","max-video-preview":"max-video-preview:-1"},"canonical":"https:\/\/www.funeraillesleclercq.be\/fr\/organiser-des-funerailles-leclercq-et-deliener-sereni\/inhumation-leclercq-et-deliener-sereni\/","og_locale":"fr_FR","og_type":"article","og_title":"Inhumation Leclercq & Deliener I Sereni","og_description":"L'organisateur de pompes fun\u00e8bres Leclercq & Deliener peut organiser des fun\u00e9railles personnelles. Nous vous assistons \u00e9motionnellement et administrativement.","og_url":"https:\/\/www.funeraillesleclercq.be\/fr\/organiser-des-funerailles-leclercq-et-deliener-sereni\/inhumation-leclercq-et-deliener-sereni\/","og_site_name":"Leclercq &amp; Deliener","article_modified_time":"2025-12-08T13:32:51+00:00","og_image":[{"width":1800,"height":628,"url":"https:\/\/www.touche.be\/app\/uploads\/sites\/48\/2025\/06\/Social-image-Leclercq-Deliener-6.jpg","type":"image\/jpeg"}],"twitter_card":"summary_large_image","twitter_misc":{"Est. reading time":"3 minutes"},"schema":{"@context":"https:\/\/schema.org","@graph":[{"@type":"WebPage","@id":"https:\/\/www.funeraillesleclercq.be\/fr\/organiser-des-funerailles-leclercq-et-deliener-sereni\/inhumation-leclercq-et-deliener-sereni\/","url":"https:\/\/www.funeraillesleclercq.be\/fr\/organiser-des-funerailles-leclercq-et-deliener-sereni\/inhumation-leclercq-et-deliener-sereni\/","name":"Inhumation Leclercq & Deliener I Sereni","isPartOf":{"@id":"https:\/\/www.funeraillesleclercq.be\/fr\/#website"},"datePublished":"2022-04-04T10:14:59+00:00","dateModified":"2025-12-08T13:32:51+00:00","description":"L'organisateur de pompes fun\u00e8bres Leclercq & Deliener peut organiser des inhumation personnelles. Nous vous assistons \u00e9motionnellement et administrativement.","breadcrumb":{"@id":"https:\/\/www.funeraillesleclercq.be\/fr\/organiser-des-funerailles-leclercq-et-deliener-sereni\/inhumation-leclercq-et-deliener-sereni\/#breadcrumb"},"inLanguage":"fr-FR","potentialAction":[{"@type":"ReadAction","target":["https:\/\/www.funeraillesleclercq.be\/fr\/organiser-des-funerailles-leclercq-et-deliener-sereni\/inhumation-leclercq-et-deliener-sereni\/"]}]},{"@type":"BreadcrumbList","@id":"https:\/\/www.funeraillesleclercq.be\/fr\/organiser-des-funerailles-leclercq-et-deliener-sereni\/inhumation-leclercq-et-deliener-sereni\/#breadcrumb","itemListElement":[{"@type":"ListItem","position":1,"name":"Organiser des fun\u00e9railles","item":"https:\/\/www.funeraillesleclercq.be\/fr\/organiser-des-funerailles-leclercq-et-deliener-sereni\/"},{"@type":"ListItem","position":2,"name":"Inhumation"}]},{"@type":"WebSite","@id":"https:\/\/www.funeraillesleclercq.be\/fr\/#website","url":"https:\/\/www.funeraillesleclercq.be\/fr\/","name":"Leclercq &amp; Deliener","description":"Just another Sereni site","potentialAction":[{"@type":"SearchAction","target":{"@type":"EntryPoint","urlTemplate":"https:\/\/www.funeraillesleclercq.be\/fr\/?s={search_term_string}"},"query-input":{"@type":"PropertyValueSpecification","valueRequired":true,"valueName":"search_term_string"}}],"inLanguage":"fr-FR"}]}},"_links":{"self":[{"href":"https:\/\/www.funeraillesleclercq.be\/fr\/wp-json\/wp\/v2\/pages\/24669","targetHints":{"allow":["GET"]}}],"collection":[{"href":"https:\/\/www.funeraillesleclercq.be\/fr\/wp-json\/wp\/v2\/pages"}],"about":[{"href":"https:\/\/www.funeraillesleclercq.be\/fr\/wp-json\/wp\/v2\/types\/page"}],"author":[{"embeddable":true,"href":"https:\/\/www.funeraillesleclercq.be\/fr\/wp-json\/wp\/v2\/users\/1"}],"replies":[{"embeddable":true,"href":"https:\/\/www.funeraillesleclercq.be\/fr\/wp-json\/wp\/v2\/comments?post=24669"}],"version-history":[{"count":16,"href":"https:\/\/www.funeraillesleclercq.be\/fr\/wp-json\/wp\/v2\/pages\/24669\/revisions"}],"predecessor-version":[{"id":83505,"href":"https:\/\/www.funeraillesleclercq.be\/fr\/wp-json\/wp\/v2\/pages\/24669\/revisions\/83505"}],"up":[{"embeddable":true,"href":"https:\/\/www.funeraillesleclercq.be\/fr\/wp-json\/wp\/v2\/pages\/24683"}],"wp:attachment":[{"href":"https:\/\/www.funeraillesleclercq.be\/fr\/wp-json\/wp\/v2\/media?parent=24669"}],"curies":[{"name":"wp","href":"https:\/\/api.w.org\/{rel}","templated":true}]}}