{"id":24662,"date":"2021-07-01T08:09:11","date_gmt":"2021-07-01T08:09:11","guid":{"rendered":"https:\/\/www.funeraillesleclercq.be\/uitvaartplanner-logghe\/"},"modified":"2025-12-08T14:28:10","modified_gmt":"2025-12-08T13:28:10","slug":"pompes-funebres-leclercq-deliener","status":"publish","type":"page","link":"https:\/\/www.funeraillesleclercq.be\/fr\/","title":{"rendered":"Home"},"content":{"rendered":"\n<div id=\"block-main-banner-block_05af1f66e23b87ea0fb0f9f39b41d7ad\" class=\"block-main-banner\">\n    <div class=\"container\">\n        <div class=\"banner-wrap layout1 content_right content_bottom\">\n            <div class=\"banner-image\">\n                                                            <img loading=\"lazy\" decoding=\"async\" width=\"1440\" height=\"960\" src=\"https:\/\/www.touche.be\/app\/uploads\/sites\/48\/2022\/06\/CMS_Delenier_Source01-1440x960.jpg\" class=\"attachment-full-stretched size-full-stretched\" alt=\"Home\" srcset=\"https:\/\/www.touche.be\/app\/uploads\/sites\/48\/2022\/06\/CMS_Delenier_Source01-1440x960.jpg 1440w, https:\/\/www.touche.be\/app\/uploads\/sites\/48\/2022\/06\/CMS_Delenier_Source01-300x200.jpg 300w, https:\/\/www.touche.be\/app\/uploads\/sites\/48\/2022\/06\/CMS_Delenier_Source01-1024x683.jpg 1024w, https:\/\/www.touche.be\/app\/uploads\/sites\/48\/2022\/06\/CMS_Delenier_Source01-768x512.jpg 768w, https:\/\/www.touche.be\/app\/uploads\/sites\/48\/2022\/06\/CMS_Delenier_Source01-1536x1024.jpg 1536w, https:\/\/www.touche.be\/app\/uploads\/sites\/48\/2022\/06\/CMS_Delenier_Source01-90x60.jpg 90w, https:\/\/www.touche.be\/app\/uploads\/sites\/48\/2022\/06\/CMS_Delenier_Source01-105x70.jpg 105w, https:\/\/www.touche.be\/app\/uploads\/sites\/48\/2022\/06\/CMS_Delenier_Source01-450x300.jpg 450w, https:\/\/www.touche.be\/app\/uploads\/sites\/48\/2022\/06\/CMS_Delenier_Source01-1300x867.jpg 1300w, https:\/\/www.touche.be\/app\/uploads\/sites\/48\/2022\/06\/CMS_Delenier_Source01-600x400.jpg 600w, https:\/\/www.touche.be\/app\/uploads\/sites\/48\/2022\/06\/CMS_Delenier_Source01.jpg 1800w\" sizes=\"auto, (max-width: 1440px) 100vw, 1440px\" title=\"Home\" \/>                                                <\/div>\n\n                            <div class=\"banner-content\">\n                    <div class=\"inner\">\n                        <p><a class=\"btn btn-primary\" href=\"tel:067-33-23-15\">067 33 23 15<\/a> <a class=\"btn btn-primary\" href=\"https:\/\/www.funeraillesleclercq.be\/fr\/organiser-des-funerailles-leclercq-et-deliener-sereni\/services-dadieu-leclercq-et-deliener-sereni\/\">Assistance suite \u00e0 un d\u00e9c\u00e8s<\/a><\/p>\n<p>Lorsque vous devez faire vos adieux \u00e0 un \u00eatre cher, vous souhaitez vous rem\u00e9morer les beaux moments et en conserver le souvenir le plus longtemps possible. Des fun\u00e9railles personnalis\u00e9es vous permettront de trouver du r\u00e9confort.<\/p>\n<p>La Senne prend sa source \u00e0 Naast, petit village du Hainaut tout proche de Soignies qu\u2019elle traverse ensuite en effleurant les carri\u00e8res de pierre bleue et la coll\u00e9giale Saint-Vincent avant de rejoindre la campagne verdoyante autour d\u2019Horrues et de Steenkerque.<\/p>\n                    <\/div>\n                <\/div>\n                    <\/div>\n    <\/div>\n<\/div>\n\n\n\n<div id=\"block-main-banner-block_1202e5df87c034fe08a30c52d9cb5b96\" class=\"block-main-banner\">\n    <div class=\"container\">\n        <div class=\"banner-wrap layout2 content_left content_top\">\n            <div class=\"banner-image\">\n                                                            <img loading=\"lazy\" decoding=\"async\" width=\"1440\" height=\"960\" src=\"https:\/\/www.touche.be\/app\/uploads\/sites\/48\/2022\/06\/CMS_Delenier_Source02-1440x960.jpg\" class=\"attachment-full-stretched size-full-stretched\" alt=\"Home\" srcset=\"https:\/\/www.touche.be\/app\/uploads\/sites\/48\/2022\/06\/CMS_Delenier_Source02-1440x960.jpg 1440w, https:\/\/www.touche.be\/app\/uploads\/sites\/48\/2022\/06\/CMS_Delenier_Source02-300x200.jpg 300w, https:\/\/www.touche.be\/app\/uploads\/sites\/48\/2022\/06\/CMS_Delenier_Source02-1024x683.jpg 1024w, https:\/\/www.touche.be\/app\/uploads\/sites\/48\/2022\/06\/CMS_Delenier_Source02-768x512.jpg 768w, https:\/\/www.touche.be\/app\/uploads\/sites\/48\/2022\/06\/CMS_Delenier_Source02-1536x1024.jpg 1536w, https:\/\/www.touche.be\/app\/uploads\/sites\/48\/2022\/06\/CMS_Delenier_Source02-90x60.jpg 90w, https:\/\/www.touche.be\/app\/uploads\/sites\/48\/2022\/06\/CMS_Delenier_Source02-105x70.jpg 105w, https:\/\/www.touche.be\/app\/uploads\/sites\/48\/2022\/06\/CMS_Delenier_Source02-450x300.jpg 450w, https:\/\/www.touche.be\/app\/uploads\/sites\/48\/2022\/06\/CMS_Delenier_Source02-1300x867.jpg 1300w, https:\/\/www.touche.be\/app\/uploads\/sites\/48\/2022\/06\/CMS_Delenier_Source02-600x400.jpg 600w, https:\/\/www.touche.be\/app\/uploads\/sites\/48\/2022\/06\/CMS_Delenier_Source02.jpg 1800w\" sizes=\"auto, (max-width: 1440px) 100vw, 1440px\" title=\"Home\" \/>                                                <\/div>\n\n                            <div class=\"banner-content\">\n                    <div class=\"inner\">\n                        <h2>Vivre son deuil n\u2019est pas l\u00e2cher prise, c\u2019est se connecter<\/h2>\n<p>Depuis la nuit des temps, les philosophes dissertent sur la temp\u00eate que provoque la mort dans nos corps et \u00e2mes.<br \/>\nQuelles que soient vos convictions philosophiques, votre demande toute particuli\u00e8re, notre \u00e9quipe Leclerq &amp; Delenier est l\u00e0, bienveillante, pour vous aider au mieux en toute discr\u00e9tion et dans le respect des volont\u00e9s du d\u00e9funt dans l\u2019avant, le pendant et l\u2019apr\u00e8s d\u00e9c\u00e8s.<\/p>\n<p><a class=\"btn-secondary btn btn-primary\" href=\"https:\/\/www.funeraillesleclercq.be\/fr\/contact-leclercq-et-deliener-sereni\/\">Contactez-nous<\/a><\/p>\n                    <\/div>\n                <\/div>\n                    <\/div>\n    <\/div>\n<\/div>\n\n\n<div id=\"block-variable-content-list-block_670c2286774495bb5b8478f3e33b2d9b\" class=\"block-variable-content-list default\">\n    <div class=\"container\">\n        <div class=\"widget-wrap per_row_4\">\n                        <div class=\"block-content\">\n                                                                                    <div class=\"element\">\n                                                            \n                                \n                                                                                    <\/div>\n                                                                    <div class=\"element\">\n                                                            \n                                \n                                                                                    <\/div>\n                                                                    <div class=\"element\">\n                                                            \n                                \n                                                                                    <\/div>\n                                                                    <div class=\"element\">\n                                                            \n                                \n                                                                                    <\/div>\n                                                <\/div>\n        <\/div>\n    <\/div>\n<\/div>\n\n\n<div id=\"block-variable-content-list-block_a7dd5b92ae1d63e32d9efbdab8c1715a\" class=\"block-variable-content-list alt_1\">\n    <div class=\"container\">\n        <div class=\"widget-wrap per_row_2\">\n                        <div class=\"block-content\">\n                                                                                    <div class=\"element\">\n                                                            \n                                                                    <div class=\"image-wrap\">\n                                                                                    <img loading=\"lazy\" decoding=\"async\" width=\"944\" height=\"629\" src=\"https:\/\/www.touche.be\/app\/uploads\/sites\/48\/2025\/12\/le-carnet-des-souhaits-Sereni-mes-dernieres-volontes.jpg\" class=\"attachment-large size-large\" alt=\"Home\" srcset=\"https:\/\/www.touche.be\/app\/uploads\/sites\/48\/2025\/12\/le-carnet-des-souhaits-Sereni-mes-dernieres-volontes.jpg 944w, https:\/\/www.touche.be\/app\/uploads\/sites\/48\/2025\/12\/le-carnet-des-souhaits-Sereni-mes-dernieres-volontes-300x200.jpg 300w, https:\/\/www.touche.be\/app\/uploads\/sites\/48\/2025\/12\/le-carnet-des-souhaits-Sereni-mes-dernieres-volontes-768x512.jpg 768w, https:\/\/www.touche.be\/app\/uploads\/sites\/48\/2025\/12\/le-carnet-des-souhaits-Sereni-mes-dernieres-volontes-450x300.jpg 450w\" sizes=\"auto, (max-width: 944px) 100vw, 944px\" title=\"Home\" \/>                                                                            <\/div>\n                                \n                                                                                    <\/div>\n                                                                    <div class=\"element\">\n                                                            \n                                \n                                                                    <div class=\"content-wrap\">\n                                        <h2>Mes derni\u00e8res volont\u00e9s<\/h2>\n<p>Pr\u00e9parer un d\u00e9part, c\u2019est r\u00e9fl\u00e9chir \u00e0 la vie \u2014 \u00e0 ce qui compte pour vous et \u00e0 ce que vous souhaitez laisser derri\u00e8re vous.<br \/>\nLe carnet <em>Mes Derni\u00e8res Volont\u00e9s<\/em> vous accompagne pour r\u00e9fl\u00e9chir \u00e0 :<\/p>\n<ul>\n<li><strong>Ce qui vous d\u00e9finit<\/strong><\/li>\n<li><strong>La musique ou les mots qui vous r\u00e9confortent<\/strong><\/li>\n<li><strong>Les rituels et souhaits<\/strong> qui ont une signification pour vous<\/li>\n<\/ul>\n<p>Le remplir vous apporte s\u00e9r\u00e9nit\u00e9 et facilite les \u00e9changes avec vos proches.<br \/>\nVous pouvez le compl\u00e9ter en ligne via <a class=\"text-yellow\" href=\"https:\/\/mijn.sereni.be\/fr-BE\/connexion\" target=\"_blank\" rel=\"noopener\"><strong>Mon Sereni.be<\/strong><\/a> ou demander une version papier aupr\u00e8s de <a class=\"text-yellow\" href=\"https:\/\/www.sereni.be\/fr\/branch\" target=\"_blank\" rel=\"noopener\"><strong>nos conseillers fun\u00e9raires<\/strong><\/a>.<\/p>\n<p><a class=\"btn btn-primary\" href=\"https:\/\/mijn.sereni.be\/fr-BE\/connexion\" target=\"_blank\" rel=\"noopener\">Je remplis la version digitale<\/a><\/p>\n                                    <\/div>\n                                                                                    <\/div>\n                                                <\/div>\n        <\/div>\n    <\/div>\n<\/div>\n","protected":false},"excerpt":{"rendered":"","protected":false},"author":1,"featured_media":0,"parent":0,"menu_order":0,"comment_status":"closed","ping_status":"closed","template":"views\/template-homepage.blade.php","meta":{"_acf_changed":false,"footnotes":""},"class_list":["post-24662","page","type-page","status-publish","hentry"],"acf":[],"yoast_head":"<!-- This site is optimized with the Yoast SEO plugin v25.8 - https:\/\/yoast.com\/wordpress\/plugins\/seo\/ -->\n<title>Les fun\u00e9railles Leclercq &amp; Deliener - Des obs\u00e8ques uniques<\/title>\n<meta name=\"description\" content=\"Les Pompes Fun\u00e8bres Leclercq &amp; Deliener proposent des fun\u00e9railles uniques. Service d&#039;adieu, n\u00e9crologie, reliquaires, ... . Contactez-nous.\" \/>\n<meta name=\"robots\" content=\"index, follow, max-snippet:-1, max-image-preview:large, max-video-preview:-1\" \/>\n<link rel=\"canonical\" href=\"https:\/\/www.funeraillesleclercq.be\/fr\/\" \/>\n<meta property=\"og:locale\" content=\"fr_FR\" \/>\n<meta property=\"og:type\" content=\"article\" \/>\n<meta property=\"og:title\" content=\"Les fun\u00e9railles Leclercq &amp; Deliener - Des obs\u00e8ques uniques\" \/>\n<meta property=\"og:description\" content=\"Les Pompes Fun\u00e8bres Leclercq &amp; Deliener proposent des fun\u00e9railles uniques. Service d&#039;adieu, n\u00e9crologie, reliquaires, ... . Contactez-nous.\" \/>\n<meta property=\"og:url\" content=\"https:\/\/www.funeraillesleclercq.be\/fr\/\" \/>\n<meta property=\"og:site_name\" content=\"Leclercq &amp; Deliener\" \/>\n<meta property=\"article:modified_time\" content=\"2025-12-08T13:28:10+00:00\" \/>\n<meta property=\"og:image\" content=\"https:\/\/www.touche.be\/app\/uploads\/sites\/48\/2025\/06\/Social-image-Leclercq-Deliener-4.jpg\" \/>\n\t<meta property=\"og:image:width\" content=\"1800\" \/>\n\t<meta property=\"og:image:height\" content=\"628\" \/>\n\t<meta property=\"og:image:type\" content=\"image\/jpeg\" \/>\n<meta name=\"twitter:card\" content=\"summary_large_image\" \/>\n<meta name=\"twitter:label1\" content=\"Est. reading time\" \/>\n\t<meta name=\"twitter:data1\" content=\"2 minutes\" \/>\n<script type=\"application\/ld+json\" class=\"yoast-schema-graph\">{\"@context\":\"https:\/\/schema.org\",\"@graph\":[{\"@type\":\"WebPage\",\"@id\":\"https:\/\/www.funeraillesleclercq.be\/fr\/\",\"url\":\"https:\/\/www.funeraillesleclercq.be\/fr\/\",\"name\":\"Les fun\u00e9railles Leclercq & Deliener - Des obs\u00e8ques uniques\",\"isPartOf\":{\"@id\":\"https:\/\/www.funeraillesleclercq.be\/fr\/#website\"},\"datePublished\":\"2021-07-01T08:09:11+00:00\",\"dateModified\":\"2025-12-08T13:28:10+00:00\",\"description\":\"Les Pompes Fun\u00e8bres Leclercq & Deliener proposent des fun\u00e9railles uniques. Service d'adieu, n\u00e9crologie, reliquaires, ... . Contactez-nous.\",\"inLanguage\":\"fr-FR\",\"potentialAction\":[{\"@type\":\"ReadAction\",\"target\":[\"https:\/\/www.funeraillesleclercq.be\/fr\/\"]}]},{\"@type\":\"WebSite\",\"@id\":\"https:\/\/www.funeraillesleclercq.be\/fr\/#website\",\"url\":\"https:\/\/www.funeraillesleclercq.be\/fr\/\",\"name\":\"Leclercq &amp; Deliener\",\"description\":\"Just another Sereni site\",\"potentialAction\":[{\"@type\":\"SearchAction\",\"target\":{\"@type\":\"EntryPoint\",\"urlTemplate\":\"https:\/\/www.funeraillesleclercq.be\/fr\/?s={search_term_string}\"},\"query-input\":{\"@type\":\"PropertyValueSpecification\",\"valueRequired\":true,\"valueName\":\"search_term_string\"}}],\"inLanguage\":\"fr-FR\"}]}<\/script>\n<!-- \/ Yoast SEO plugin. -->","yoast_head_json":{"title":"Les fun\u00e9railles Leclercq & Deliener - Des obs\u00e8ques uniques","description":"Les Pompes Fun\u00e8bres Leclercq & Deliener proposent des fun\u00e9railles uniques. Service d'adieu, n\u00e9crologie, reliquaires, ... . Contactez-nous.","robots":{"index":"index","follow":"follow","max-snippet":"max-snippet:-1","max-image-preview":"max-image-preview:large","max-video-preview":"max-video-preview:-1"},"canonical":"https:\/\/www.funeraillesleclercq.be\/fr\/","og_locale":"fr_FR","og_type":"article","og_title":"Les fun\u00e9railles Leclercq & Deliener - Des obs\u00e8ques uniques","og_description":"Les Pompes Fun\u00e8bres Leclercq & Deliener proposent des fun\u00e9railles uniques. Service d'adieu, n\u00e9crologie, reliquaires, ... . Contactez-nous.","og_url":"https:\/\/www.funeraillesleclercq.be\/fr\/","og_site_name":"Leclercq &amp; Deliener","article_modified_time":"2025-12-08T13:28:10+00:00","og_image":[{"width":1800,"height":628,"url":"https:\/\/www.touche.be\/app\/uploads\/sites\/48\/2025\/06\/Social-image-Leclercq-Deliener-4.jpg","type":"image\/jpeg"}],"twitter_card":"summary_large_image","twitter_misc":{"Est. reading time":"2 minutes"},"schema":{"@context":"https:\/\/schema.org","@graph":[{"@type":"WebPage","@id":"https:\/\/www.funeraillesleclercq.be\/fr\/","url":"https:\/\/www.funeraillesleclercq.be\/fr\/","name":"Les fun\u00e9railles Leclercq & Deliener - Des obs\u00e8ques uniques","isPartOf":{"@id":"https:\/\/www.funeraillesleclercq.be\/fr\/#website"},"datePublished":"2021-07-01T08:09:11+00:00","dateModified":"2025-12-08T13:28:10+00:00","description":"Les Pompes Fun\u00e8bres Leclercq & Deliener proposent des fun\u00e9railles uniques. Service d'adieu, n\u00e9crologie, reliquaires, ... . Contactez-nous.","inLanguage":"fr-FR","potentialAction":[{"@type":"ReadAction","target":["https:\/\/www.funeraillesleclercq.be\/fr\/"]}]},{"@type":"WebSite","@id":"https:\/\/www.funeraillesleclercq.be\/fr\/#website","url":"https:\/\/www.funeraillesleclercq.be\/fr\/","name":"Leclercq &amp; Deliener","description":"Just another Sereni site","potentialAction":[{"@type":"SearchAction","target":{"@type":"EntryPoint","urlTemplate":"https:\/\/www.funeraillesleclercq.be\/fr\/?s={search_term_string}"},"query-input":{"@type":"PropertyValueSpecification","valueRequired":true,"valueName":"search_term_string"}}],"inLanguage":"fr-FR"}]}},"_links":{"self":[{"href":"https:\/\/www.funeraillesleclercq.be\/fr\/wp-json\/wp\/v2\/pages\/24662","targetHints":{"allow":["GET"]}}],"collection":[{"href":"https:\/\/www.funeraillesleclercq.be\/fr\/wp-json\/wp\/v2\/pages"}],"about":[{"href":"https:\/\/www.funeraillesleclercq.be\/fr\/wp-json\/wp\/v2\/types\/page"}],"author":[{"embeddable":true,"href":"https:\/\/www.funeraillesleclercq.be\/fr\/wp-json\/wp\/v2\/users\/1"}],"replies":[{"embeddable":true,"href":"https:\/\/www.funeraillesleclercq.be\/fr\/wp-json\/wp\/v2\/comments?post=24662"}],"version-history":[{"count":4,"href":"https:\/\/www.funeraillesleclercq.be\/fr\/wp-json\/wp\/v2\/pages\/24662\/revisions"}],"predecessor-version":[{"id":83498,"href":"https:\/\/www.funeraillesleclercq.be\/fr\/wp-json\/wp\/v2\/pages\/24662\/revisions\/83498"}],"wp:attachment":[{"href":"https:\/\/www.funeraillesleclercq.be\/fr\/wp-json\/wp\/v2\/media?parent=24662"}],"curies":[{"name":"wp","href":"https:\/\/api.w.org\/{rel}","templated":true}]}}